{"id":220,"date":"2025-07-15T05:47:06","date_gmt":"2025-07-15T05:47:06","guid":{"rendered":"https:\/\/iaotecnologia.com\/?page_id=220"},"modified":"2025-07-15T09:01:10","modified_gmt":"2025-07-15T09:01:10","slug":"inicio","status":"publish","type":"page","link":"https:\/\/iaotecnologia.com\/","title":{"rendered":"Inicio"},"content":{"rendered":"\n<div class=\"wp-block-uagb-container uagb-block-rcanw0gt alignfull uagb-is-root-container\">\n<div class=\"wp-block-uagb-container uagb-block-1wdzokjj\">\n<div class=\"wp-block-uagb-info-box uagb-block-jdar7ifa uagb-infobox__content-wrap  uagb-infobox-icon-above-title uagb-infobox-image-valign-top\"><div class=\"uagb-ifb-content\"><div class=\"uagb-ifb-title-wrap\"><h1 class=\"uagb-ifb-title\">Expertos en tecnolog\u00eda de<br>la informaci\u00f3n<\/h1><\/div><\/div><\/div>\n\n\n\n<div class=\"wp-block-uagb-container uagb-block-udxju0uj\">\n<div class=\"wp-block-uagb-info-box uagb-block-x6syu54w uagb-infobox__content-wrap  uagb-infobox-icon-above-title uagb-infobox-image-valign-top\"><div class=\"uagb-ifb-content\"><div class=\"uagb-ifb-title-wrap\"><\/div><p class=\"uagb-ifb-desc\">Brindamos a nuestros clientes herramientas \u00fatiles y soluciones inform\u00e1ticas para el eficiente desarrollo de sus actividades y proyectos, acompa\u00f1\u00e1ndoles en su mejora y crecimiento.<\/p><\/div><\/div>\n\n\n\n<div class=\"wp-block-uagb-buttons uagb-buttons__outer-wrap uagb-btn__default-btn uagb-btn-tablet__default-btn uagb-btn-mobile__default-btn uagb-block-n97kkw9j\"><div class=\"uagb-buttons__wrap uagb-buttons-layout-wrap \"><\/div><\/div>\n<\/div>\n<\/div>\n<\/div>\n\n\n\n<div class=\"wp-block-uagb-image alignfull uagb-block-b4e6a41f wp-block-uagb-image--layout-default wp-block-uagb-image--effect-static wp-block-uagb-image--align-full\"><figure class=\"wp-block-uagb-image__figure\"><img decoding=\"async\" srcset=\"https:\/\/iaotecnologia.com\/wp-content\/uploads\/2025\/07\/tecnologia-informacion-competitividad-2.jpg ,https:\/\/iaotecnologia.com\/wp-content\/uploads\/2025\/07\/tecnologia-informacion-competitividad-2.jpg 780w, https:\/\/iaotecnologia.com\/wp-content\/uploads\/2025\/07\/tecnologia-informacion-competitividad-2.jpg 360w\" sizes=\"auto, (max-width: 480px) 150px\" src=\"https:\/\/iaotecnologia.com\/wp-content\/uploads\/2025\/07\/tecnologia-informacion-competitividad-2.jpg\" alt=\"\" class=\"uag-image-280\" width=\"1200\" height=\"609\" title=\"tecnologia-informacion-competitividad\" loading=\"lazy\" role=\"img\"\/><\/figure><\/div>\n\n\n\n<div class=\"wp-block-uagb-advanced-heading uagb-block-ed1dda81\"><h2 class=\"uagb-heading-text\">Servicios<\/h2><p class=\"uagb-desc-text\">Conozca nuestros servicios<\/p><\/div>\n\n\n\n<div class=\"wp-block-uagb-container uagb-block-5a0ed1de alignfull uagb-is-root-container\"><div class=\"uagb-container-inner-blocks-wrap\">\n<div class=\"wp-block-uagb-container uagb-block-c0579cff\">\n<div class=\"wp-block-uagb-advanced-heading uagb-block-ac99d06f\"><h2 class=\"uagb-heading-text\"><strong>Seguridad Inform\u00e1tica<\/strong><\/h2><\/div>\n\n\n\n<div class=\"wp-block-uagb-image uagb-block-250c708c wp-block-uagb-image--layout-default wp-block-uagb-image--effect-static wp-block-uagb-image--align-none\"><figure class=\"wp-block-uagb-image__figure\"><img decoding=\"async\" srcset=\"https:\/\/iaotecnologia.com\/wp-content\/uploads\/2025\/07\/images-1.jpeg ,https:\/\/iaotecnologia.com\/wp-content\/uploads\/2025\/07\/images-1.jpeg 780w, https:\/\/iaotecnologia.com\/wp-content\/uploads\/2025\/07\/images-1.jpeg 360w\" sizes=\"auto, (max-width: 480px) 150px\" src=\"https:\/\/iaotecnologia.com\/wp-content\/uploads\/2025\/07\/images-1.jpeg\" alt=\"\" class=\"uag-image-298\" width=\"312\" height=\"162\" title=\"images\" loading=\"lazy\" role=\"img\"\/><\/figure><\/div>\n\n\n\n<div class=\"wp-block-uagb-buttons uagb-buttons__outer-wrap uagb-btn__default-btn uagb-btn-tablet__default-btn uagb-btn-mobile__default-btn uagb-block-a898bc11\"><div class=\"uagb-buttons__wrap uagb-buttons-layout-wrap \">\n<div class=\"wp-block-uagb-buttons-child uagb-buttons__outer-wrap uagb-block-1bf8db6e wp-block-button\"><div class=\"uagb-button__wrapper\"><a class=\"uagb-buttons-repeater wp-block-button__link\" aria-label=\"\" href=\"https:\/\/iaotecnologia.com\/index.php\/seguridad-informatica\/\" rel=\"follow noopener\" target=\"_self\" role=\"button\"><div class=\"uagb-button__link\">Click Aqu\u00ed<\/div><\/a><\/div><\/div>\n<\/div><\/div>\n<\/div>\n\n\n\n<div class=\"wp-block-uagb-container uagb-block-7f7cd429\">\n<div class=\"wp-block-uagb-advanced-heading uagb-block-475ada74\"><h2 class=\"uagb-heading-text\"><strong>Outsourcing Inform\u00e1tico<\/strong><\/h2><\/div>\n\n\n\n<div class=\"wp-block-uagb-image uagb-block-4680056f wp-block-uagb-image--layout-default wp-block-uagb-image--effect-static wp-block-uagb-image--align-none\"><figure class=\"wp-block-uagb-image__figure\"><img decoding=\"async\" srcset=\"https:\/\/iaotecnologia.com\/wp-content\/uploads\/2025\/07\/curso-gestion-de-proyectos_422w.webp ,https:\/\/iaotecnologia.com\/wp-content\/uploads\/2025\/07\/curso-gestion-de-proyectos_422w.webp 780w, https:\/\/iaotecnologia.com\/wp-content\/uploads\/2025\/07\/curso-gestion-de-proyectos_422w.webp 360w\" sizes=\"auto, (max-width: 480px) 150px\" src=\"https:\/\/iaotecnologia.com\/wp-content\/uploads\/2025\/07\/curso-gestion-de-proyectos_422w.webp\" alt=\"\" class=\"uag-image-300\" width=\"650\" height=\"415\" title=\"curso-gestion-de-proyectos_422w\" loading=\"lazy\" role=\"img\"\/><\/figure><\/div>\n\n\n\n<div class=\"wp-block-uagb-buttons uagb-buttons__outer-wrap uagb-btn__default-btn uagb-btn-tablet__default-btn uagb-btn-mobile__default-btn uagb-block-d8e36ba8\"><div class=\"uagb-buttons__wrap uagb-buttons-layout-wrap \">\n<div class=\"wp-block-uagb-buttons-child uagb-buttons__outer-wrap uagb-block-ffa83d12 wp-block-button\"><div class=\"uagb-button__wrapper\"><a class=\"uagb-buttons-repeater wp-block-button__link\" aria-label=\"\" href=\"https:\/\/iaotecnologia.com\/index.php\/outsourcing-informatico\/\" rel=\"follow noopener\" target=\"_self\" role=\"button\"><div class=\"uagb-button__link\">Click Aqu\u00ed<\/div><\/a><\/div><\/div>\n<\/div><\/div>\n<\/div>\n\n\n\n<div class=\"wp-block-uagb-container uagb-block-74cf4aa9\">\n<div class=\"wp-block-uagb-advanced-heading uagb-block-c8ddcdf5\"><h2 class=\"uagb-heading-text\"><strong>Soluci\u00f3n de Negocio<\/strong><\/h2><\/div>\n\n\n\n<div class=\"wp-block-uagb-image uagb-block-1758d55d wp-block-uagb-image--layout-default wp-block-uagb-image--effect-static wp-block-uagb-image--align-none\"><figure class=\"wp-block-uagb-image__figure\"><img decoding=\"async\" srcset=\"https:\/\/iaotecnologia.com\/wp-content\/uploads\/2025\/07\/images01.jpeg ,https:\/\/iaotecnologia.com\/wp-content\/uploads\/2025\/07\/images01.jpeg 780w, https:\/\/iaotecnologia.com\/wp-content\/uploads\/2025\/07\/images01.jpeg 360w\" sizes=\"auto, (max-width: 480px) 150px\" src=\"https:\/\/iaotecnologia.com\/wp-content\/uploads\/2025\/07\/images01.jpeg\" alt=\"\" class=\"uag-image-302\" width=\"153\" height=\"147\" title=\"images01\" loading=\"lazy\" role=\"img\"\/><\/figure><\/div>\n\n\n\n<div class=\"wp-block-uagb-buttons uagb-buttons__outer-wrap uagb-btn__default-btn uagb-btn-tablet__default-btn uagb-btn-mobile__default-btn uagb-block-d0a2fb13\"><div class=\"uagb-buttons__wrap uagb-buttons-layout-wrap \">\n<div class=\"wp-block-uagb-buttons-child uagb-buttons__outer-wrap uagb-block-203f45f2 wp-block-button\"><div class=\"uagb-button__wrapper\"><a class=\"uagb-buttons-repeater wp-block-button__link\" aria-label=\"\" href=\"https:\/\/iaotecnologia.com\/index.php\/solucion-de-negocio\/\" rel=\"follow noopener\" target=\"_self\" role=\"button\"><div class=\"uagb-button__link\">Click Aqu\u00ed<\/div><\/a><\/div><\/div>\n<\/div><\/div>\n<\/div>\n\n\n\n<div class=\"wp-block-uagb-container uagb-block-fd2d23b4\">\n<div class=\"wp-block-uagb-advanced-heading uagb-block-d8fb4e94\"><h2 class=\"uagb-heading-text\"><strong>Soporte<\/strong> T\u00e9cnico<\/h2><\/div>\n\n\n\n<div class=\"wp-block-uagb-image uagb-block-586bfc25 wp-block-uagb-image--layout-default wp-block-uagb-image--effect-static wp-block-uagb-image--align-none\"><figure class=\"wp-block-uagb-image__figure\"><img decoding=\"async\" srcset=\"https:\/\/iaotecnologia.com\/wp-content\/uploads\/2025\/07\/SOPORTE-1024x788.png ,https:\/\/iaotecnologia.com\/wp-content\/uploads\/2025\/07\/SOPORTE.png 780w, https:\/\/iaotecnologia.com\/wp-content\/uploads\/2025\/07\/SOPORTE.png 360w\" sizes=\"auto, (max-width: 480px) 150px\" src=\"https:\/\/iaotecnologia.com\/wp-content\/uploads\/2025\/07\/SOPORTE-1024x788.png\" alt=\"\" class=\"uag-image-304\" width=\"694\" height=\"567\" title=\"SOPORTE\" loading=\"lazy\" role=\"img\"\/><\/figure><\/div>\n\n\n\n<div class=\"wp-block-uagb-buttons uagb-buttons__outer-wrap uagb-btn__default-btn uagb-btn-tablet__default-btn uagb-btn-mobile__default-btn uagb-block-cf3077c2\"><div class=\"uagb-buttons__wrap uagb-buttons-layout-wrap \">\n<div class=\"wp-block-uagb-buttons-child uagb-buttons__outer-wrap uagb-block-c2004b94 wp-block-button\"><div class=\"uagb-button__wrapper\"><a class=\"uagb-buttons-repeater wp-block-button__link\" aria-label=\"\" href=\"https:\/\/iaotecnologia.com\/index.php\/soporte-tecnico\/\" rel=\"follow noopener\" target=\"_self\" role=\"button\"><div class=\"uagb-button__link\">Click Aqu\u00ed<\/div><\/a><\/div><\/div>\n<\/div><\/div>\n<\/div>\n<\/div><\/div>\n","protected":false},"excerpt":{"rendered":"<p>Servicios Conozca nuestros servicios Seguridad Inform\u00e1tica Outsourcing Inform\u00e1tico Soluci\u00f3n de Negocio Soporte T\u00e9cnico<\/p>\n","protected":false},"author":1,"featured_media":0,"parent":0,"menu_order":0,"comment_status":"closed","ping_status":"closed","template":"","meta":{"_crdt_document":"","_uag_custom_page_level_css":"","site-sidebar-layout":"default","site-content-layout":"","ast-site-content-layout":"default","site-content-style":"default","site-sidebar-style":"default","ast-global-header-display":"","ast-banner-title-visibility":"","ast-main-header-display":"","ast-hfb-above-header-display":"","ast-hfb-below-header-display":"","ast-hfb-mobile-header-display":"","site-post-title":"disabled","ast-breadcrumbs-content":"","ast-featured-img":"","footer-sml-layout":"","ast-disable-related-posts":"","theme-transparent-header-meta":"","adv-header-id-meta":"","stick-header-meta":"","header-above-stick-meta":"","header-main-stick-meta":"","header-below-stick-meta":"","astra-migrate-meta-layouts":"default","ast-page-background-enabled":"default","ast-page-background-meta":{"desktop":{"background-color":"var(--ast-global-color-5)","background-image":"","background-repeat":"repeat","background-position":"center center","background-size":"auto","background-attachment":"scroll","background-type":"","background-media":"","overlay-type":"","overlay-color":"","overlay-opacity":"","overlay-gradient":""},"tablet":{"background-color":"","background-image":"","background-repeat":"repeat","background-position":"center center","background-size":"auto","background-attachment":"scroll","background-type":"","background-media":"","overlay-type":"","overlay-color":"","overlay-opacity":"","overlay-gradient":""},"mobile":{"background-color":"","background-image":"","background-repeat":"repeat","background-position":"center center","background-size":"auto","background-attachment":"scroll","background-type":"","background-media":"","overlay-type":"","overlay-color":"","overlay-opacity":"","overlay-gradient":""}},"ast-content-background-meta":{"desktop":{"background-color":"var(--ast-global-color-4)","background-image":"","background-repeat":"repeat","background-position":"center center","background-size":"auto","background-attachment":"scroll","background-type":"","background-media":"","overlay-type":"","overlay-color":"","overlay-opacity":"","overlay-gradient":""},"tablet":{"background-color":"var(--ast-global-color-4)","background-image":"","background-repeat":"repeat","background-position":"center center","background-size":"auto","background-attachment":"scroll","background-type":"","background-media":"","overlay-type":"","overlay-color":"","overlay-opacity":"","overlay-gradient":""},"mobile":{"background-color":"var(--ast-global-color-4)","background-image":"","background-repeat":"repeat","background-position":"center center","background-size":"auto","background-attachment":"scroll","background-type":"","background-media":"","overlay-type":"","overlay-color":"","overlay-opacity":"","overlay-gradient":""}},"_kadence_starter_templates_imported_post":false,"footnotes":""},"class_list":["post-220","page","type-page","status-publish","hentry"],"uagb_featured_image_src":{"full":false,"thumbnail":false,"medium":false,"medium_large":false,"large":false,"1536x1536":false,"2048x2048":false},"uagb_author_info":{"display_name":"admin","author_link":"https:\/\/iaotecnologia.com\/index.php\/author\/iaotec01\/"},"uagb_comment_info":0,"uagb_excerpt":"Servicios Conozca nuestros servicios Seguridad Inform\u00e1tica Outsourcing Inform\u00e1tico Soluci\u00f3n de Negocio Soporte T\u00e9cnico","_links":{"self":[{"href":"https:\/\/iaotecnologia.com\/index.php\/wp-json\/wp\/v2\/pages\/220","targetHints":{"allow":["GET"]}}],"collection":[{"href":"https:\/\/iaotecnologia.com\/index.php\/wp-json\/wp\/v2\/pages"}],"about":[{"href":"https:\/\/iaotecnologia.com\/index.php\/wp-json\/wp\/v2\/types\/page"}],"author":[{"embeddable":true,"href":"https:\/\/iaotecnologia.com\/index.php\/wp-json\/wp\/v2\/users\/1"}],"replies":[{"embeddable":true,"href":"https:\/\/iaotecnologia.com\/index.php\/wp-json\/wp\/v2\/comments?post=220"}],"version-history":[{"count":24,"href":"https:\/\/iaotecnologia.com\/index.php\/wp-json\/wp\/v2\/pages\/220\/revisions"}],"predecessor-version":[{"id":339,"href":"https:\/\/iaotecnologia.com\/index.php\/wp-json\/wp\/v2\/pages\/220\/revisions\/339"}],"wp:attachment":[{"href":"https:\/\/iaotecnologia.com\/index.php\/wp-json\/wp\/v2\/media?parent=220"}],"curies":[{"name":"wp","href":"https:\/\/api.w.org\/{rel}","templated":true}]}}