{"id":223,"date":"2025-07-15T05:47:56","date_gmt":"2025-07-15T05:47:56","guid":{"rendered":"https:\/\/iaotecnologia.com\/?page_id=223"},"modified":"2025-07-18T18:58:45","modified_gmt":"2025-07-18T18:58:45","slug":"nosotros","status":"publish","type":"page","link":"https:\/\/iaotecnologia.com\/index.php\/nosotros\/","title":{"rendered":"Nosotros"},"content":{"rendered":"\n<div class=\"wp-block-uagb-advanced-heading uagb-block-bc74eab2\"><h2 class=\"uagb-heading-text\">Misi\u00f3n<\/h2><\/div>\n\n\n\n<p class=\"has-medium-font-size wp-block-paragraph\">Tenemos como misi\u00f3n brindar a nuestros clientes herramientas \u00fatiles y soluciones inform\u00e1ticas innovadoras que impulsen el desarrollo eficiente de sus actividades y proyectos. Acompa\u00f1amos a las organizaciones en su proceso de mejora continua y crecimiento tecnol\u00f3gico, ofreciendo servicios especializados en sistemas, seguridad inform\u00e1tica, soporte t\u00e9cnico y outsourcing inform\u00e1tico.<\/p>\n\n\n\n<div class=\"wp-block-uagb-image alignright uagb-block-f74dc4be wp-block-uagb-image--layout-default wp-block-uagb-image--effect-static wp-block-uagb-image--align-right\"><figure class=\"wp-block-uagb-image__figure\"><img decoding=\"async\" srcset=\"https:\/\/iaotecnologia.com\/wp-content\/uploads\/2025\/07\/esfera003-e1752557890533.png ,https:\/\/iaotecnologia.com\/wp-content\/uploads\/2025\/07\/esfera003-e1752557890533.png 780w, https:\/\/iaotecnologia.com\/wp-content\/uploads\/2025\/07\/esfera003-e1752557890533.png 360w\" sizes=\"auto, (max-width: 480px) 150px\" src=\"https:\/\/iaotecnologia.com\/wp-content\/uploads\/2025\/07\/esfera003-e1752557890533.png\" alt=\"\" class=\"uag-image-214\" width=\"304\" height=\"305\" title=\"esfera003\" loading=\"lazy\" role=\"img\"\/><\/figure><\/div>\n\n\n\n<p class=\"has-medium-font-size wp-block-paragraph\">Nuestro enfoque se centra en proveer soluciones personalizadas, escalables y seguras, permitiendo a nuestros clientes enfocarse en su negocio principal, mientras garantizamos el soporte tecnol\u00f3gico integral y confiable que necesitan para evolucionar en un entorno digital en constante cambio.<\/p>\n\n\n\n<div class=\"wp-block-uagb-advanced-heading uagb-block-a34ca81a\"><h2 class=\"uagb-heading-text\">Visi\u00f3n<\/h2><\/div>\n\n\n\n<p class=\"has-medium-font-size wp-block-paragraph\">Ser reconocidos como una empresa l\u00edder en servicios de tecnolog\u00eda de la informaci\u00f3n, orientada al desarrollo tecnol\u00f3gico sostenible y a la transformaci\u00f3n digital de nuestros clientes. Buscamos consolidarnos como un socio estrat\u00e9gico en el \u00e1mbito empresarial, ofreciendo soluciones innovadoras basadas en inteligencia artificial, seguridad inform\u00e1tica y sistemas integrados.<\/p>\n\n\n\n<p class=\"has-medium-font-size wp-block-paragraph\">Aspiramos a expandir nuestra influencia en diversos sectores econ\u00f3micos, proporcionando valor agregado a trav\u00e9s de un servicio t\u00e9cnico de excelencia, una consultor\u00eda inform\u00e1tica especializada y un acompa\u00f1amiento constante en la evoluci\u00f3n tecnol\u00f3gica de cada organizaci\u00f3n.<\/p>\n\n\n\n<div class=\"wp-block-uagb-advanced-heading uagb-block-acc9b0fc\"><h2 class=\"uagb-heading-text\">Valores Corporativos<\/h2><\/div>\n\n\n\n<div class=\"wp-block-uagb-info-box uagb-block-c10d2804 uagb-infobox__content-wrap  uagb-infobox-icon-above-title uagb-infobox-image-valign-top\"><div class=\"uagb-ifb-content\"><div class=\"uagb-ifb-icon-wrap\"><svg xmlns=\"https:\/\/www.w3.org\/2000\/svg\" viewBox=\"0 0 512 512\"><path d=\"M0 256C0 114.6 114.6 0 256 0C397.4 0 512 114.6 512 256C512 397.4 397.4 512 256 512C114.6 512 0 397.4 0 256zM371.8 211.8C382.7 200.9 382.7 183.1 371.8 172.2C360.9 161.3 343.1 161.3 332.2 172.2L224 280.4L179.8 236.2C168.9 225.3 151.1 225.3 140.2 236.2C129.3 247.1 129.3 264.9 140.2 275.8L204.2 339.8C215.1 350.7 232.9 350.7 243.8 339.8L371.8 211.8z\"><\/path><\/svg><\/div><div class=\"uagb-ifb-title-wrap\"><h3 class=\"uagb-ifb-title\">Innovaci\u00f3n<\/h3><\/div><p class=\"uagb-ifb-desc\">Siempre buscamos soluciones tecnol\u00f3gicas avanzadas y vanguardistas.<\/p><\/div><\/div>\n\n\n\n<div class=\"wp-block-uagb-info-box uagb-block-7fd13f88 uagb-infobox__content-wrap  uagb-infobox-icon-above-title uagb-infobox-image-valign-top\"><div class=\"uagb-ifb-content\"><div class=\"uagb-ifb-icon-wrap\"><svg xmlns=\"https:\/\/www.w3.org\/2000\/svg\" viewBox=\"0 0 512 512\"><path d=\"M0 256C0 114.6 114.6 0 256 0C397.4 0 512 114.6 512 256C512 397.4 397.4 512 256 512C114.6 512 0 397.4 0 256zM371.8 211.8C382.7 200.9 382.7 183.1 371.8 172.2C360.9 161.3 343.1 161.3 332.2 172.2L224 280.4L179.8 236.2C168.9 225.3 151.1 225.3 140.2 236.2C129.3 247.1 129.3 264.9 140.2 275.8L204.2 339.8C215.1 350.7 232.9 350.7 243.8 339.8L371.8 211.8z\"><\/path><\/svg><\/div><div class=\"uagb-ifb-title-wrap\"><h3 class=\"uagb-ifb-title\">Confianza<\/h3><\/div><p class=\"uagb-ifb-desc\">Ofrecemos servicios seguros, confiables y respaldados por experiencia.<\/p><\/div><\/div>\n\n\n\n<div class=\"wp-block-uagb-info-box uagb-block-5d7b1297 uagb-infobox__content-wrap  uagb-infobox-icon-above-title uagb-infobox-image-valign-top\"><div class=\"uagb-ifb-content\"><div class=\"uagb-ifb-icon-wrap\"><svg xmlns=\"https:\/\/www.w3.org\/2000\/svg\" viewBox=\"0 0 512 512\"><path d=\"M0 256C0 114.6 114.6 0 256 0C397.4 0 512 114.6 512 256C512 397.4 397.4 512 256 512C114.6 512 0 397.4 0 256zM371.8 211.8C382.7 200.9 382.7 183.1 371.8 172.2C360.9 161.3 343.1 161.3 332.2 172.2L224 280.4L179.8 236.2C168.9 225.3 151.1 225.3 140.2 236.2C129.3 247.1 129.3 264.9 140.2 275.8L204.2 339.8C215.1 350.7 232.9 350.7 243.8 339.8L371.8 211.8z\"><\/path><\/svg><\/div><div class=\"uagb-ifb-title-wrap\"><h3 class=\"uagb-ifb-title\">Compromiso<\/h3><\/div><p class=\"uagb-ifb-desc\">Trabajamos con dedicaci\u00f3n plena para garantizar el \u00e9xito de nuestros clientes.<\/p><\/div><\/div>\n\n\n\n<div class=\"wp-block-uagb-info-box uagb-block-9f2cbcd5 uagb-infobox__content-wrap  uagb-infobox-icon-above-title uagb-infobox-image-valign-top\"><div class=\"uagb-ifb-content\"><div class=\"uagb-ifb-icon-wrap\"><svg xmlns=\"https:\/\/www.w3.org\/2000\/svg\" viewBox=\"0 0 512 512\"><path d=\"M0 256C0 114.6 114.6 0 256 0C397.4 0 512 114.6 512 256C512 397.4 397.4 512 256 512C114.6 512 0 397.4 0 256zM371.8 211.8C382.7 200.9 382.7 183.1 371.8 172.2C360.9 161.3 343.1 161.3 332.2 172.2L224 280.4L179.8 236.2C168.9 225.3 151.1 225.3 140.2 236.2C129.3 247.1 129.3 264.9 140.2 275.8L204.2 339.8C215.1 350.7 232.9 350.7 243.8 339.8L371.8 211.8z\"><\/path><\/svg><\/div><div class=\"uagb-ifb-title-wrap\"><h3 class=\"uagb-ifb-title\">Profesionalismo<\/h3><\/div><p class=\"uagb-ifb-desc\">Contamos con un equipo altamente capacitado y actualizado en las mejores pr\u00e1cticas del sector.<\/p><\/div><\/div>\n\n\n\n<div class=\"wp-block-uagb-info-box uagb-block-d76e6a99 uagb-infobox__content-wrap  uagb-infobox-icon-above-title uagb-infobox-image-valign-top\"><div class=\"uagb-ifb-content\"><div class=\"uagb-ifb-icon-wrap\"><svg xmlns=\"https:\/\/www.w3.org\/2000\/svg\" viewBox=\"0 0 512 512\"><path d=\"M0 256C0 114.6 114.6 0 256 0C397.4 0 512 114.6 512 256C512 397.4 397.4 512 256 512C114.6 512 0 397.4 0 256zM371.8 211.8C382.7 200.9 382.7 183.1 371.8 172.2C360.9 161.3 343.1 161.3 332.2 172.2L224 280.4L179.8 236.2C168.9 225.3 151.1 225.3 140.2 236.2C129.3 247.1 129.3 264.9 140.2 275.8L204.2 339.8C215.1 350.7 232.9 350.7 243.8 339.8L371.8 211.8z\"><\/path><\/svg><\/div><div class=\"uagb-ifb-title-wrap\"><h3 class=\"uagb-ifb-title\">Mejora Continua<\/h3><\/div><p class=\"uagb-ifb-desc\">Estamos comprometidos con la evoluci\u00f3n constante y la excelencia operativa.<\/p><\/div><\/div>\n\n\n\n<p class=\"wp-block-paragraph\"><\/p>\n","protected":false},"excerpt":{"rendered":"<p>Misi\u00f3n Tenemos como misi\u00f3n brindar a nuestros clientes herramientas \u00fatiles y soluciones inform\u00e1ticas innovadoras que impulsen el desarrollo eficiente de [&hellip;]<\/p>\n","protected":false},"author":1,"featured_media":0,"parent":0,"menu_order":0,"comment_status":"closed","ping_status":"closed","template":"","meta":{"_crdt_document":"","_uag_custom_page_level_css":"","site-sidebar-layout":"default","site-content-layout":"","ast-site-content-layout":"default","site-content-style":"default","site-sidebar-style":"default","ast-global-header-display":"","ast-banner-title-visibility":"","ast-main-header-display":"","ast-hfb-above-header-display":"","ast-hfb-below-header-display":"","ast-hfb-mobile-header-display":"","site-post-title":"disabled","ast-breadcrumbs-content":"","ast-featured-img":"","footer-sml-layout":"","ast-disable-related-posts":"","theme-transparent-header-meta":"","adv-header-id-meta":"","stick-header-meta":"","header-above-stick-meta":"","header-main-stick-meta":"","header-below-stick-meta":"","astra-migrate-meta-layouts":"default","ast-page-background-enabled":"default","ast-page-background-meta":{"desktop":{"background-color":"var(--ast-global-color-5)","background-image":"","background-repeat":"repeat","background-position":"center center","background-size":"auto","background-attachment":"scroll","background-type":"","background-media":"","overlay-type":"","overlay-color":"","overlay-opacity":"","overlay-gradient":""},"tablet":{"background-color":"","background-image":"","background-repeat":"repeat","background-position":"center center","background-size":"auto","background-attachment":"scroll","background-type":"","background-media":"","overlay-type":"","overlay-color":"","overlay-opacity":"","overlay-gradient":""},"mobile":{"background-color":"","background-image":"","background-repeat":"repeat","background-position":"center center","background-size":"auto","background-attachment":"scroll","background-type":"","background-media":"","overlay-type":"","overlay-color":"","overlay-opacity":"","overlay-gradient":""}},"ast-content-background-meta":{"desktop":{"background-color":"var(--ast-global-color-4)","background-image":"","background-repeat":"repeat","background-position":"center center","background-size":"auto","background-attachment":"scroll","background-type":"","background-media":"","overlay-type":"","overlay-color":"","overlay-opacity":"","overlay-gradient":""},"tablet":{"background-color":"var(--ast-global-color-4)","background-image":"","background-repeat":"repeat","background-position":"center center","background-size":"auto","background-attachment":"scroll","background-type":"","background-media":"","overlay-type":"","overlay-color":"","overlay-opacity":"","overlay-gradient":""},"mobile":{"background-color":"var(--ast-global-color-4)","background-image":"","background-repeat":"repeat","background-position":"center center","background-size":"auto","background-attachment":"scroll","background-type":"","background-media":"","overlay-type":"","overlay-color":"","overlay-opacity":"","overlay-gradient":""}},"_kadence_starter_templates_imported_post":false,"footnotes":""},"class_list":["post-223","page","type-page","status-publish","hentry"],"uagb_featured_image_src":{"full":false,"thumbnail":false,"medium":false,"medium_large":false,"large":false,"1536x1536":false,"2048x2048":false},"uagb_author_info":{"display_name":"admin","author_link":"https:\/\/iaotecnologia.com\/index.php\/author\/iaotec01\/"},"uagb_comment_info":0,"uagb_excerpt":"Misi\u00f3n Tenemos como misi\u00f3n brindar a nuestros clientes herramientas \u00fatiles y soluciones inform\u00e1ticas innovadoras que impulsen el desarrollo eficiente de [&hellip;]","_links":{"self":[{"href":"https:\/\/iaotecnologia.com\/index.php\/wp-json\/wp\/v2\/pages\/223","targetHints":{"allow":["GET"]}}],"collection":[{"href":"https:\/\/iaotecnologia.com\/index.php\/wp-json\/wp\/v2\/pages"}],"about":[{"href":"https:\/\/iaotecnologia.com\/index.php\/wp-json\/wp\/v2\/types\/page"}],"author":[{"embeddable":true,"href":"https:\/\/iaotecnologia.com\/index.php\/wp-json\/wp\/v2\/users\/1"}],"replies":[{"embeddable":true,"href":"https:\/\/iaotecnologia.com\/index.php\/wp-json\/wp\/v2\/comments?post=223"}],"version-history":[{"count":10,"href":"https:\/\/iaotecnologia.com\/index.php\/wp-json\/wp\/v2\/pages\/223\/revisions"}],"predecessor-version":[{"id":351,"href":"https:\/\/iaotecnologia.com\/index.php\/wp-json\/wp\/v2\/pages\/223\/revisions\/351"}],"wp:attachment":[{"href":"https:\/\/iaotecnologia.com\/index.php\/wp-json\/wp\/v2\/media?parent=223"}],"curies":[{"name":"wp","href":"https:\/\/api.w.org\/{rel}","templated":true}]}}