{"id":232,"date":"2025-07-15T05:50:49","date_gmt":"2025-07-15T05:50:49","guid":{"rendered":"https:\/\/iaotecnologia.com\/?page_id=232"},"modified":"2025-07-15T09:02:22","modified_gmt":"2025-07-15T09:02:22","slug":"soporte-tecnico","status":"publish","type":"page","link":"https:\/\/iaotecnologia.com\/index.php\/soporte-tecnico\/","title":{"rendered":"Soporte T\u00e9cnico"},"content":{"rendered":"\n<p class=\"has-medium-font-size wp-block-paragraph\">Administraci\u00f3n de servidores Ms Windows y Linux<br>Venta, implementaci\u00f3n y mantenimiento de servidores de dominio, directorio activo, base de datos, de archivos, multimedia, entre otros.<br>Monitoreo constante del rendimiento.<br>Administraci\u00f3n de redes e infraestructura IoT.<br>Venta, implementaci\u00f3n y administraci\u00f3n de aplicaciones de antivirus, antimalware, esp\u00edas y detecci\u00f3n de intrusos.<br>Implementaci\u00f3n de pol\u00edticas de seguridad.<br>Actualizaciones parches de seguridad basados en Windows y Linux.<br>Gesti\u00f3n de copias de seguridad.<\/p>\n","protected":false},"excerpt":{"rendered":"<p>Administraci\u00f3n de servidores Ms Windows y LinuxVenta, implementaci\u00f3n y mantenimiento de servidores de dominio, directorio activo, base de datos, de [&hellip;]<\/p>\n","protected":false},"author":1,"featured_media":303,"parent":0,"menu_order":0,"comment_status":"closed","ping_status":"closed","template":"","meta":{"_crdt_document":"","_uag_custom_page_level_css":"","site-sidebar-layout":"default","site-content-layout":"","ast-site-content-layout":"default","site-content-style":"default","site-sidebar-style":"default","ast-global-header-display":"","ast-banner-title-visibility":"","ast-main-header-display":"","ast-hfb-above-header-display":"","ast-hfb-below-header-display":"","ast-hfb-mobile-header-display":"","site-post-title":"","ast-breadcrumbs-content":"","ast-featured-img":"","footer-sml-layout":"","ast-disable-related-posts":"","theme-transparent-header-meta":"","adv-header-id-meta":"","stick-header-meta":"","header-above-stick-meta":"","header-main-stick-meta":"","header-below-stick-meta":"","astra-migrate-meta-layouts":"default","ast-page-background-enabled":"default","ast-page-background-meta":{"desktop":{"background-color":"var(--ast-global-color-5)","background-image":"","background-repeat":"repeat","background-position":"center center","background-size":"auto","background-attachment":"scroll","background-type":"","background-media":"","overlay-type":"","overlay-color":"","overlay-opacity":"","overlay-gradient":""},"tablet":{"background-color":"","background-image":"","background-repeat":"repeat","background-position":"center center","background-size":"auto","background-attachment":"scroll","background-type":"","background-media":"","overlay-type":"","overlay-color":"","overlay-opacity":"","overlay-gradient":""},"mobile":{"background-color":"","background-image":"","background-repeat":"repeat","background-position":"center center","background-size":"auto","background-attachment":"scroll","background-type":"","background-media":"","overlay-type":"","overlay-color":"","overlay-opacity":"","overlay-gradient":""}},"ast-content-background-meta":{"desktop":{"background-color":"var(--ast-global-color-4)","background-image":"","background-repeat":"repeat","background-position":"center center","background-size":"auto","background-attachment":"scroll","background-type":"","background-media":"","overlay-type":"","overlay-color":"","overlay-opacity":"","overlay-gradient":""},"tablet":{"background-color":"var(--ast-global-color-4)","background-image":"","background-repeat":"repeat","background-position":"center center","background-size":"auto","background-attachment":"scroll","background-type":"","background-media":"","overlay-type":"","overlay-color":"","overlay-opacity":"","overlay-gradient":""},"mobile":{"background-color":"var(--ast-global-color-4)","background-image":"","background-repeat":"repeat","background-position":"center center","background-size":"auto","background-attachment":"scroll","background-type":"","background-media":"","overlay-type":"","overlay-color":"","overlay-opacity":"","overlay-gradient":""}},"_kadence_starter_templates_imported_post":false,"footnotes":""},"class_list":["post-232","page","type-page","status-publish","has-post-thumbnail","hentry"],"uagb_featured_image_src":{"full":["https:\/\/iaotecnologia.com\/wp-content\/uploads\/2025\/07\/mantenimiento_preventivo_ti_1.jpg",694,567,false],"thumbnail":["https:\/\/iaotecnologia.com\/wp-content\/uploads\/2025\/07\/mantenimiento_preventivo_ti_1-150x150.jpg",150,150,true],"medium":["https:\/\/iaotecnologia.com\/wp-content\/uploads\/2025\/07\/mantenimiento_preventivo_ti_1-300x245.jpg",300,245,true],"medium_large":["https:\/\/iaotecnologia.com\/wp-content\/uploads\/2025\/07\/mantenimiento_preventivo_ti_1.jpg",694,567,false],"large":["https:\/\/iaotecnologia.com\/wp-content\/uploads\/2025\/07\/mantenimiento_preventivo_ti_1.jpg",694,567,false],"1536x1536":["https:\/\/iaotecnologia.com\/wp-content\/uploads\/2025\/07\/mantenimiento_preventivo_ti_1.jpg",694,567,false],"2048x2048":["https:\/\/iaotecnologia.com\/wp-content\/uploads\/2025\/07\/mantenimiento_preventivo_ti_1.jpg",694,567,false]},"uagb_author_info":{"display_name":"admin","author_link":"https:\/\/iaotecnologia.com\/index.php\/author\/iaotec01\/"},"uagb_comment_info":0,"uagb_excerpt":"Administraci\u00f3n de servidores Ms Windows y LinuxVenta, implementaci\u00f3n y mantenimiento de servidores de dominio, directorio activo, base de datos, de [&hellip;]","_links":{"self":[{"href":"https:\/\/iaotecnologia.com\/index.php\/wp-json\/wp\/v2\/pages\/232","targetHints":{"allow":["GET"]}}],"collection":[{"href":"https:\/\/iaotecnologia.com\/index.php\/wp-json\/wp\/v2\/pages"}],"about":[{"href":"https:\/\/iaotecnologia.com\/index.php\/wp-json\/wp\/v2\/types\/page"}],"author":[{"embeddable":true,"href":"https:\/\/iaotecnologia.com\/index.php\/wp-json\/wp\/v2\/users\/1"}],"replies":[{"embeddable":true,"href":"https:\/\/iaotecnologia.com\/index.php\/wp-json\/wp\/v2\/comments?post=232"}],"version-history":[{"count":2,"href":"https:\/\/iaotecnologia.com\/index.php\/wp-json\/wp\/v2\/pages\/232\/revisions"}],"predecessor-version":[{"id":314,"href":"https:\/\/iaotecnologia.com\/index.php\/wp-json\/wp\/v2\/pages\/232\/revisions\/314"}],"wp:featuredmedia":[{"embeddable":true,"href":"https:\/\/iaotecnologia.com\/index.php\/wp-json\/wp\/v2\/media\/303"}],"wp:attachment":[{"href":"https:\/\/iaotecnologia.com\/index.php\/wp-json\/wp\/v2\/media?parent=232"}],"curies":[{"name":"wp","href":"https:\/\/api.w.org\/{rel}","templated":true}]}}